{"id":8,"date":"2019-01-16T19:10:12","date_gmt":"2019-01-16T18:10:12","guid":{"rendered":"http:\/\/cyclo-le-teil.org\/?page_id=8"},"modified":"2022-11-29T15:28:10","modified_gmt":"2022-11-29T14:28:10","slug":"presentation","status":"publish","type":"page","link":"https:\/\/cyclo-le-teil.org\/index.php\/presentation\/","title":{"rendered":"Pr\u00e9sentation"},"content":{"rendered":"<p><img loading=\"lazy\" decoding=\"async\" class=\"aligncenter wp-image-58\" src=\"http:\/\/cyclo-le-teil.org\/wp-content\/uploads\/2019\/01\/WhatsApp-Image-2019-01-27-at-20.57.20-1024x576.jpeg\" alt=\"\" width=\"600\" height=\"338\" srcset=\"https:\/\/cyclo-le-teil.org\/wp-content\/uploads\/2019\/01\/WhatsApp-Image-2019-01-27-at-20.57.20-1024x576.jpeg 1024w, https:\/\/cyclo-le-teil.org\/wp-content\/uploads\/2019\/01\/WhatsApp-Image-2019-01-27-at-20.57.20-300x169.jpeg 300w, https:\/\/cyclo-le-teil.org\/wp-content\/uploads\/2019\/01\/WhatsApp-Image-2019-01-27-at-20.57.20-768x432.jpeg 768w, https:\/\/cyclo-le-teil.org\/wp-content\/uploads\/2019\/01\/WhatsApp-Image-2019-01-27-at-20.57.20.jpeg 1328w\" sizes=\"(max-width: 600px) 100vw, 600px\" \/><\/p>\n<h3><span style=\"color: #3f87ff;\">Mot du nouveau pr\u00e9sident<\/span><\/h3>\n<p>Vendredi 15 octobre s&rsquo;est tenue l&rsquo;AG du club \u00ab\u00a0Cyclotourisme Le Teil\u00a0\u00bb en pr\u00e9sence de M. Tourni\u00e8re, repr\u00e9sentant\u00a0 de l&rsquo;OMS du Teil et de Mme Mazellier, conseill\u00e8re municipale, repr\u00e9sentant M. le Maire (et par ailleurs membre des Cyclos Teillois !).<\/p>\n<p>En d\u00e9but de r\u00e9union, Alain Bayle, en tant que plus ancien membre du club, a lu un message du pr\u00e9sident Guy Mazellier emp\u00each\u00e9 apr\u00e8s une intervention chirurgicale. Tous les membres lui souhaitent un bon r\u00e9tablissement et esp\u00e8rent le revoir parmi eux le plus rapidement possible.<\/p>\n<p>En raison de l&rsquo;indisponibilit\u00e9 et du retrait du pr\u00e9sident Guy Mazellier, <strong>Alain Bayle assurera une nouvelle fois la pr\u00e9sidence du club pour l&rsquo;ann\u00e9e \u00e0 venir<\/strong>, en attendant d&rsquo;\u00eatre remplac\u00e9 l&rsquo;ann\u00e9e prochaine par un membre qui sera alors disponible et qui s&rsquo;est engag\u00e9 aupr\u00e8s de ses camarades cyclos.<\/p>\n<p>Ensuite, l&rsquo;assembl\u00e9e a \u00e9voqu\u00e9 les diff\u00e9rents projets pour 2022. Notamment, il semble qu&rsquo;un groupe de dames ait commenc\u00e9 \u00e0 faire des sorties entre elles, en VAE. Voil\u00e0 une piste \u00e0 explorer car cela pourrait emmener au club d&rsquo;autres pratiquant(e)s peut-\u00eatre un peu effray\u00e9(e)s \u00e0 l&rsquo;id\u00e9e de rouler en v\u00e9lo \u00ab\u00a0musculaire\u00a0\u00bb avec des cyclos plus entra\u00een\u00e9s et plus exp\u00e9riment\u00e9s !<\/p>\n<p>Apr\u00e8s 2 ann\u00e9es blanches, nous esp\u00e9rons que notre traditionnelle \u00ab\u00a0Randonn\u00e9e du Pigeonnier\u00a0\u00bb, tr\u00e8s appr\u00e9ci\u00e9e des cyclos de la r\u00e9gion, pourra \u00e0 nouveau \u00eatre organis\u00e9e fin avril.<\/p>\n<p>La soir\u00e9e s&rsquo;est termin\u00e9e par le verre de l&rsquo;amiti\u00e9 (toujours avec mod\u00e9ration), tous les participants r\u00eavant d&rsquo;un retour \u00e0 \u00ab\u00a0la normalit\u00e9\u00a0\u00bb, comme autrefois.<\/p>\n<h3><span style=\"color: #3f87ff;\">Composition du bureau<\/span><\/h3>\n<p>Le Pr\u00e9sident : Claude MANFIOTTO<br \/>\nLe Tr\u00e9sorier : Bernard DUMAZ<br \/>\nLa Secr\u00e9taire : No\u00eblle MAZELLIER<\/p>\n","protected":false},"excerpt":{"rendered":"<p>Mot du nouveau pr\u00e9sident Vendredi 15 octobre s&rsquo;est tenue l&rsquo;AG du club \u00ab\u00a0Cyclotourisme Le Teil\u00a0\u00bb en pr\u00e9sence de M. Tourni\u00e8re, repr\u00e9sentant\u00a0 de l&rsquo;OMS du Teil et de Mme Mazellier, conseill\u00e8re municipale, repr\u00e9sentant M. le Maire (et par ailleurs membre des Cyclos Teillois !). En d\u00e9but de r\u00e9union, Alain Bayle, en tant que plus ancien membre&hellip; <br \/> <a class=\"read-more\" href=\"https:\/\/cyclo-le-teil.org\/index.php\/presentation\/\">Lire la suite<\/a><\/p>\n","protected":false},"author":1,"featured_media":0,"parent":0,"menu_order":0,"comment_status":"closed","ping_status":"closed","template":"","meta":{"footnotes":""},"class_list":["post-8","page","type-page","status-publish","hentry"],"_links":{"self":[{"href":"https:\/\/cyclo-le-teil.org\/index.php\/wp-json\/wp\/v2\/pages\/8"}],"collection":[{"href":"https:\/\/cyclo-le-teil.org\/index.php\/wp-json\/wp\/v2\/pages"}],"about":[{"href":"https:\/\/cyclo-le-teil.org\/index.php\/wp-json\/wp\/v2\/types\/page"}],"author":[{"embeddable":true,"href":"https:\/\/cyclo-le-teil.org\/index.php\/wp-json\/wp\/v2\/users\/1"}],"replies":[{"embeddable":true,"href":"https:\/\/cyclo-le-teil.org\/index.php\/wp-json\/wp\/v2\/comments?post=8"}],"version-history":[{"count":1,"href":"https:\/\/cyclo-le-teil.org\/index.php\/wp-json\/wp\/v2\/pages\/8\/revisions"}],"predecessor-version":[{"id":796,"href":"https:\/\/cyclo-le-teil.org\/index.php\/wp-json\/wp\/v2\/pages\/8\/revisions\/796"}],"wp:attachment":[{"href":"https:\/\/cyclo-le-teil.org\/index.php\/wp-json\/wp\/v2\/media?parent=8"}],"curies":[{"name":"wp","href":"https:\/\/api.w.org\/{rel}","templated":true}]}}