{"id":68,"date":"2019-01-28T16:45:53","date_gmt":"2019-01-28T15:45:53","guid":{"rendered":"http:\/\/cyclo-le-teil.org\/?page_id=68"},"modified":"2026-02-18T17:14:36","modified_gmt":"2026-02-18T16:14:36","slug":"sorties","status":"publish","type":"page","link":"https:\/\/cyclo-le-teil.org\/index.php\/sorties\/","title":{"rendered":"Horaires sorties"},"content":{"rendered":"<h4><img loading=\"lazy\" decoding=\"async\" class=\"alignnone wp-image-62 size-large\" src=\"http:\/\/cyclo-le-teil.org\/wp-content\/uploads\/2019\/01\/WhatsApp-Image-2019-01-27-at-20.59.56-e1550427010407-1024x353.jpeg\" alt=\"\" width=\"1024\" height=\"353\" srcset=\"https:\/\/cyclo-le-teil.org\/wp-content\/uploads\/2019\/01\/WhatsApp-Image-2019-01-27-at-20.59.56-e1550427010407-1024x353.jpeg 1024w, https:\/\/cyclo-le-teil.org\/wp-content\/uploads\/2019\/01\/WhatsApp-Image-2019-01-27-at-20.59.56-e1550427010407-300x103.jpeg 300w, https:\/\/cyclo-le-teil.org\/wp-content\/uploads\/2019\/01\/WhatsApp-Image-2019-01-27-at-20.59.56-e1550427010407-768x265.jpeg 768w, https:\/\/cyclo-le-teil.org\/wp-content\/uploads\/2019\/01\/WhatsApp-Image-2019-01-27-at-20.59.56-e1550427010407.jpeg 1305w\" sizes=\"(max-width: 1024px) 100vw, 1024px\" \/><\/h4>\n<h3><span style=\"color: #3f87ff;\">LES JOURS DE SELLE&#8230;.<\/span><\/h3>\n<h4><span style=\"color: #3f87ff;\"><strong>Route<\/strong><\/span><\/h4>\n<p><span style=\"color: #333333;\">RDV les mardis, jeudis et vendredis<br \/>\n<\/span><span style=\"color: #333333;\">D\u00e9part \u00e0 13h15 en hiver et 13h30 en \u00e9t\u00e9<\/span><\/p>\n<p><span style=\"color: #333333;\">Derri\u00e8re la poste Parking Fabre LE TEIL 07400<\/span><\/p>\n<h4><span style=\"color: #3f87ff;\"><strong>VTT<\/strong><\/span><\/h4>\n<p><span style=\"color: #333333;\">RDV les mercredis et samedis<br \/>\nD\u00e9part \u00e0 13h30<\/span><\/p>\n<p>Place de l amiti\u00e9<br \/>\n07400 M\u00e9las<\/p>\n","protected":false},"excerpt":{"rendered":"<p>LES JOURS DE SELLE&#8230;. Route RDV les mardis, jeudis et vendredis D\u00e9part \u00e0 13h15 en hiver et 13h30 en \u00e9t\u00e9 Derri\u00e8re la poste Parking Fabre LE TEIL 07400 VTT RDV les mercredis et samedis D\u00e9part \u00e0 13h30 Place de l amiti\u00e9 07400 M\u00e9las<\/p>\n","protected":false},"author":2,"featured_media":0,"parent":0,"menu_order":0,"comment_status":"closed","ping_status":"closed","template":"","meta":{"footnotes":""},"class_list":["post-68","page","type-page","status-publish","hentry"],"_links":{"self":[{"href":"https:\/\/cyclo-le-teil.org\/index.php\/wp-json\/wp\/v2\/pages\/68"}],"collection":[{"href":"https:\/\/cyclo-le-teil.org\/index.php\/wp-json\/wp\/v2\/pages"}],"about":[{"href":"https:\/\/cyclo-le-teil.org\/index.php\/wp-json\/wp\/v2\/types\/page"}],"author":[{"embeddable":true,"href":"https:\/\/cyclo-le-teil.org\/index.php\/wp-json\/wp\/v2\/users\/2"}],"replies":[{"embeddable":true,"href":"https:\/\/cyclo-le-teil.org\/index.php\/wp-json\/wp\/v2\/comments?post=68"}],"version-history":[{"count":4,"href":"https:\/\/cyclo-le-teil.org\/index.php\/wp-json\/wp\/v2\/pages\/68\/revisions"}],"predecessor-version":[{"id":1104,"href":"https:\/\/cyclo-le-teil.org\/index.php\/wp-json\/wp\/v2\/pages\/68\/revisions\/1104"}],"wp:attachment":[{"href":"https:\/\/cyclo-le-teil.org\/index.php\/wp-json\/wp\/v2\/media?parent=68"}],"curies":[{"name":"wp","href":"https:\/\/api.w.org\/{rel}","templated":true}]}}